{"id":3,"date":"2023-09-11T20:17:17","date_gmt":"2023-09-11T18:17:17","guid":{"rendered":"http:\/\/www.apartmentroma.eu\/?page_id=3"},"modified":"2024-02-08T18:14:53","modified_gmt":"2024-02-08T17:14:53","slug":"privacy-policy","status":"publish","type":"page","link":"https:\/\/www.apartmentroma.eu\/de\/privacy-policy\/","title":{"rendered":"Privacy Policy"},"content":{"rendered":"<div data-elementor-type=\"wp-page\" data-elementor-id=\"3\" class=\"elementor elementor-3\">\n\t\t\t\t\t\t<section class=\"elementor-section elementor-top-section elementor-element elementor-element-16135fa elementor-section-height-full elementor-section-boxed elementor-section-height-default elementor-section-items-middle\" data-id=\"16135fa\" data-element_type=\"section\" data-e-type=\"section\" data-settings=\"{&quot;background_background&quot;:&quot;classic&quot;}\">\n\t\t\t\t\t\t\t<div class=\"elementor-background-overlay\"><\/div>\n\t\t\t\t\t\t\t<div class=\"elementor-container elementor-column-gap-default\">\n\t\t\t\t\t<div class=\"elementor-column elementor-col-100 elementor-top-column elementor-element elementor-element-14b5121\" data-id=\"14b5121\" data-element_type=\"column\" data-e-type=\"column\">\n\t\t\t<div class=\"elementor-widget-wrap elementor-element-populated\">\n\t\t\t\t\t\t<section class=\"elementor-section elementor-inner-section elementor-element elementor-element-5373e88 elementor-section-boxed elementor-section-height-default elementor-section-height-default\" data-id=\"5373e88\" data-element_type=\"section\" data-e-type=\"section\" data-settings=\"{&quot;background_background&quot;:&quot;classic&quot;}\">\n\t\t\t\t\t\t<div class=\"elementor-container elementor-column-gap-no\">\n\t\t\t\t\t<div class=\"elementor-column elementor-col-100 elementor-inner-column elementor-element elementor-element-50c35b6\" data-id=\"50c35b6\" data-element_type=\"column\" data-e-type=\"column\">\n\t\t\t<div class=\"elementor-widget-wrap elementor-element-populated\">\n\t\t\t\t\t\t<div class=\"elementor-element elementor-element-3e4ffc6 elementor-invisible elementor-widget elementor-widget-image\" data-id=\"3e4ffc6\" data-element_type=\"widget\" data-e-type=\"widget\" data-settings=\"{&quot;_animation&quot;:&quot;zoomIn&quot;}\" data-widget_type=\"image.default\">\n\t\t\t\t<div class=\"elementor-widget-container\">\n\t\t\t\t\t\t\t\t\t\t\t\t\t\t\t<img decoding=\"async\" src=\"https:\/\/www.apartmentroma.eu\/wp-content\/uploads\/elementor\/thumbs\/Ap_Roma_W-qc9lcu6qchy0dv2dnvy0jo0en52y9x8op9lqsvgf7k.png\" title=\"Ap_Roma_W\" alt=\"Ap_Roma_W\" loading=\"lazy\" \/>\t\t\t\t\t\t\t\t\t\t\t\t\t\t\t<\/div>\n\t\t\t\t<\/div>\n\t\t\t\t<div class=\"elementor-element elementor-element-bd09572 elementor-invisible elementor-widget elementor-widget-heading\" data-id=\"bd09572\" data-element_type=\"widget\" data-e-type=\"widget\" data-settings=\"{&quot;_animation&quot;:&quot;bounceInDown&quot;,&quot;_animation_delay&quot;:1000}\" data-widget_type=\"heading.default\">\n\t\t\t\t<div class=\"elementor-widget-container\">\n\t\t\t\t\t<h2 class=\"elementor-heading-title elementor-size-default\">The smartest way to live Merano<\/h2>\t\t\t\t<\/div>\n\t\t\t\t<\/div>\n\t\t\t\t<div class=\"elementor-element elementor-element-39fa5b2 elementor-widget elementor-widget-heading\" data-id=\"39fa5b2\" data-element_type=\"widget\" data-e-type=\"widget\" data-widget_type=\"heading.default\">\n\t\t\t\t<div class=\"elementor-widget-container\">\n\t\t\t\t\t<h2 class=\"elementor-heading-title elementor-size-default\">our privacy policy<\/h2>\t\t\t\t<\/div>\n\t\t\t\t<\/div>\n\t\t\t\t\t<\/div>\n\t\t<\/div>\n\t\t\t\t\t<\/div>\n\t\t<\/section>\n\t\t\t\t\t<\/div>\n\t\t<\/div>\n\t\t\t\t\t<\/div>\n\t\t<\/section>\n\t\t\t\t<section class=\"elementor-section elementor-top-section elementor-element elementor-element-394632ac elementor-section-boxed elementor-section-height-default elementor-section-height-default\" data-id=\"394632ac\" data-element_type=\"section\" data-e-type=\"section\">\n\t\t\t\t\t\t<div class=\"elementor-container elementor-column-gap-default\">\n\t\t\t\t\t<div class=\"elementor-column elementor-col-100 elementor-top-column elementor-element elementor-element-5572d008\" data-id=\"5572d008\" data-element_type=\"column\" data-e-type=\"column\">\n\t\t\t<div class=\"elementor-widget-wrap elementor-element-populated\">\n\t\t\t\t\t\t<div class=\"elementor-element elementor-element-398cba7a elementor-widget elementor-widget-text-editor\" data-id=\"398cba7a\" data-element_type=\"widget\" data-e-type=\"widget\" data-widget_type=\"text-editor.default\">\n\t\t\t\t<div class=\"elementor-widget-container\">\n\t\t\t\t\t\t\t\t\t<p>La presente informativa \u00e8 stata redatta per far conoscere i principi in materia di riservatezza che regolano l\u2019uso da parte di Marco Strohmer dei dati forniti dai clienti, compresi i dati raccolti attraverso questo sito internet. In questa pagina si descrivono le modalit\u00e0 di gestione del sito in riferimento al trattamento dei dati personali degli utenti che lo consultano. Si tratta di un\u2019informativa resa anche ai sensi del Regolamento (EU) 2016\/679 (GDPR) a coloro che interagiscono con i servizi web accessibili per via telematica a partire dall\u2019indirizzo: www.apartmentroma.eu. L\u2019informativa \u00e8 resa solo per il presente sito internet. Visitando il presente sito internet, si dichiara implicitamente di avere compreso ed accettato le modalit\u00e0 di trattamento descritte nella presente informativa sulla privacy. Marco Strohmer con sede in Via passo Giovo 5\/D &#8211; 39010 Riffiano in persona del suo legale rappresentante \u00e8 titolare del trattamento dei dati suddetti, il quale viene effettuato presso la sede societaria per le finalit\u00e0 previste nella presente informativa privacy, inclusa la finalit\u00e0 di <i>direct marketing <\/i>in caso di consenso da parte dell\u2019utente.<\/p>\n<p>I trattamenti connessi ai servizi web di questo sito sono curati solo da personale interno alla societ\u00e0 titolare, appositamente incaricato del trattamento, e da incaricati esterni di occasionali operazioni di manutenzione\/gestione del presente sito internet. Pertanto all\u2019interno della nostra Societ\u00e0 possono venire a conoscenza dei Suoi dati personali, come incaricati o responsabili del loro trattamento, i dipendenti o i collaboratori anche esterni adibiti a servizi e uffici e della rete di vendita (intermediari e consulenti di nostra fiducia), nonch\u00e9 strutture, interne ed esterne che svolgono per nostro conto e su nostro incarico compiti tecnici di supporto (in particolare: servizi informatici, pubblicit\u00e0, marketing, gestione servizi, servizi legali) e di controllo aziendale. Tratteremo, inoltre, i Suoi dati per far valere eventuali diritti e ragioni anche in sede giudiziaria, perci\u00f2 comunicando i Suoi dati anche a professionisti incaricati. I dati personali forniti dagli utenti che inviano richieste di materiale informativo o che si iscrivono alle newsletter sono utilizzati al solo fine di eseguire il servizio o la prestazione richiesta. Tali dati possono essere utilizzati dalla societ\u00e0 anche per il perseguimento delle seguenti finalit\u00e0:<span class=\"Apple-converted-space\">\u00a0<\/span><\/p>\n<ol>\n<li>gestione del rapporto con il cliente;<span class=\"Apple-converted-space\">\u00a0<\/span><\/li>\n<li>svolgimento della attivit\u00e0 economica propria della societ\u00e0;<\/li>\n<li>altri scopi legati all\u2019attivit\u00e0 svolta dalla societ\u00e0 ed a questa connessi (a titolo esemplificativo migliorare i prodotti ed i servizi offerti, anche se non strettamente legati ai servizi richiesti dall\u2019interessato; ricerche di mercato sulla soddisfazione del cliente, ecc.). <\/li>\n<\/ol>\n<p>Qualora sia necessario raccogliere dati che consentono l\u2019identificazione personale dell\u2019utente al fine di fornire a quest\u2019ultimo un determinato servizio, si richiede all\u2019utente di fornire volontariamente i dati necessari, che verranno trattati esclusivamente per le finalit\u00e0 di erogazione del servizio.<\/p>\n<p>Marco Strohmer pu\u00f2 utilizzare i dati di contatto per: inviare all\u2019utente un messaggio precedente all\u2019arrivo che riepiloghi i dati della conferma della prenotazione; comunicare all\u2019utente offerte speciali e promozioni secondo quanto previsto nella presente Informativa privacy; cos\u00ec come per inviare all\u2019utente sondaggi periodici relativi al grado di soddisfazione od a ricerche di mercato. L\u2019utente pu\u00f2 revocare in qualsiasi momento il consenso prestato per l\u2019invio di comunicazioni di marketing. L\u2019utente pu\u00f2 inoltre revocare il consenso prestato per la partecipazione a sondaggi.<\/p>\n<p><b>Marketing Diretto<\/b><\/p>\n<p>Come sopra specificato, vorremmo fornirLe informazioni su nuovi prodotti, promozioni, offerte speciali e altre informazioni che riteniamo possano interessarLe. Nel caso in cui ci abbia espressamente autorizzato a farlo, Le potremo inviare dette informazioni per posta e telefonicamente, a meno che non abbia specificato diversamente nel corso delle registrazione. Qualora, in qualsiasi momento, desideri che i Suoi dati non vengano utilizzati per finalit\u00e0 di marketing diretto, potr\u00e0 comunicarcelo prendendo contatti con il nostro servizio clienti via E-mail al seguente indirizzo info@apartmentroma.eu o rispondendo a un eventuale messaggio di testo\/whatsapp e non Le invieremo pi\u00f9 alcuna comunicazione commerciale. Se ha inteso negare il consenso al trattamento dei Suoi dati, non ricever\u00e0 mai alcuna comunicazione commerciale ed i dati da Lei forniti saranno utilizzati esclusivamente per rispondere alla Sua richiesta.<\/p>\n<p><b>Dati di Navigazione<\/b><\/p>\n<p>I sistemi informatici e le procedure software preposte al funzionamento di questo sito internet acquisiscono, nel corso del loro normale funzionamento, alcuni dati personali la cui trasmissione \u00e8 implicita nell\u2019uso dei protocolli di comunicazione di internet. Si tratta di informazioni che non sono raccolte per essere associate a interessati identificati, ma che per loro stessa natura potrebbero, attraverso elaborazioni ed associazioni con dati detenuti da terzi, permettere di identificare gli utenti. In questa categoria di dati rientrano gli indirizzi IP o i nomi a dominio dei computer utilizzati dagli utenti che si connettono al sito, gli indirizzi in notazione URI (<i>Uniform Resource Identifier<\/i>) delle risorse richieste, la data e l\u2019orario della richiesta, il metodo utilizzato nel sottoporre la richiesta, la dimensione del file di risposta, il codice numerico indicante lo stato della risposta data dal server ed altri parametri relativi al sistema operativo e all\u2019ambiente informatico dell\u2019utente. Questi dati vengono utilizzati al solo fine di ricavare informazioni statistiche anonime sull\u2019uso del sito e per controllarne il corretto funzionamento, e vengono cancellati immediatamente dopo l\u2019elaborazione. I dati potrebbero essere utilizzati, esclusivamente dall\u2019Autorit\u00e0 Giudiziaria per l\u2019accertamento di responsabilit\u00e0 in caso di ipotetici reati informatici ai danni del sito.<\/p>\n<p><b>Cookies<\/b><\/p>\n<p>I cookies sono dati creati da un server che sono memorizzati in file di testo sull\u2019hard disk del Suo computer e consentono il funzionamento del presente sito internet, l\u2019uso di una specifica funzionalit\u00e0 esplicitamente richiesta dall\u2019utente ovvero permettono di migliorare il funzionamento di questo sito, come i cookie che rendono la navigazione pi\u00f9 veloce o che mostrano i contenuti di maggiore interesse per l\u2019utente in funzione delle scelte precedenti. I cookies possono essere permanenti (c.d. cookies persistenti), ma possono anche avere una durata limitata (c.d. cookies di sessione). Questo sito utilizza sia cookies persistenti che di sessione. Quelli di sessione non vengono memorizzati in modo permanente sul Suo computer e svaniscono con la chiusura del browser. Quelli persistenti servono per personalizzare la navigazione in funzione dello strumento utilizzato dall\u2019utente (computer, tablet, smartphone) cos\u00ec come i cookies di terze parti che servono per analizzare gli accessi del sito (es. Google Analytics)\u00a0e per permettere agli utenti di condividere i contenuti del sito attraverso social network (FB) o E-mail (Add This). Questi cookies, vengono memorizzati in modo permanente sul Suo computer e hanno una durata variabile.<\/p>\n<p><b>Google Analytics Cookies<\/b><\/p>\n<p>Il nostro sito utilizza Google Analytics di Google, Inc., un servizio offre statistiche di misurazione ed analisi delle performance del sito, tramite l\u2019uso di Cookie. Per consultare l\u2019informativa privacy del servizio Google Analytics, visiti la pagina\u00a0<a href=\"http:\/\/www.google.com\/intl\/en\/analytics\/privacyoverview.html\">http:\/\/www.google.com\/intl\/en\/analytics\/privacyoverview.html<\/a>. Per le norme sulla privacy di Google, segnaliamo il seguente indirizzo\u00a0<a href=\"http:\/\/www.google.com\/intl\/it\/privacy\/privacy-policy.html\">http:\/\/www.google.com\/intl\/it\/privacy\/privacy-policy.html<\/a>.)<\/p>\n<p><b>Google Adwords &amp; Google Remarketing Cookies<\/b><\/p>\n<p>Il sito internet potrebbe \u00a0utilizzare il programma Google Adwords e la tecnologia Google Remarketing. Entrambi sono gestiti da Google Inc.. Anche la funzione monitoraggio delle conversioni di AdWords utilizza i cookie. Per aiutarci a tenere traccia delle vendite e di altre conversioni, viene aggiunto un cookie al computer di un utente nel momento in cui quell\u2019utente fa clic su un annuncio. Questo cookie dura 30 giorni e non raccoglie, n\u00e9 monitora informazioni in grado di identificare personalmente un utente. Gli utenti possono disabilitare i cookie del monitoraggio delle conversioni di Google nelle impostazioni del proprio browser Internet. In alcuni casi i cookie possono causare problemi al momento dell\u2019accesso o durante la navigazione all\u2019interno del tuo account AdWords. Quando ci\u00f2 si verifica, il modo migliore per correggere il problema consiste nello svuotare la cache ed eliminare i cookie salvati per il tuo browser Internet. Per saperne di pi\u00f9, visita la pagina\u00a0<a href=\"https:\/\/www.google.es\/intl\/it\/policies\/privacy\/\">https:\/\/www.google.es\/intl\/it\/policies\/privacy\/<\/a>. L\u2019utente infine pu\u00f2 disabilitare i cookies di Google Analytics scaricando uno specifico plug-in del browser reperibile al seguente URL:\u00a0\u00a0<a href=\"https:\/\/tools.google.com\/dlpage\/gaoptout\">https:\/\/tools.google.com\/dlpage\/gaoptout<\/a>.<\/p>\n<p><b>Facebook Cookies<\/b><\/p>\n<p>Il sito potrebbe utilizzare cookie di Facebook Inc. per monitorare l\u2019andamento delle campagne Facebook Ads ed eventuali azioni di <i>remarketing<\/i>. Clicca qui per maggiori informazioni riguardo l\u2019utilizzo di cookie da parte di Facebook:\u00a0<a href=\"https:\/\/www.facebook.com\/help\/cookies\/\">https:\/\/www.facebook.com\/help\/cookies\/<\/a><\/p>\n<p>L\u2019utente pu\u00f2 opporsi alla registrazione di cookies persistenti sul Suo hard disk configurando il browser di navigazione in modo da disabilitare i cookies. Scopri come disabilitare i cookie nei principali browser:\u00a0<a href=\"https:\/\/support.google.com\/accounts\/answer\/61416?hl=it\">Chrome<\/a>,\u00a0<a href=\"https:\/\/support.mozilla.org\/en-US\/kb\/enable-and-disable-cookies-website-preferences\">Firefox<\/a>,\u00a0<a href=\"http:\/\/windows.microsoft.com\/it-it\/windows-vista\/block-or-allow-cookies\">Internet Explorer<\/a>,\u00a0<a href=\"https:\/\/support.apple.com\/kb\/PH5042?locale=en_US\">Safari<\/a>,\u00a0<a href=\"http:\/\/www.opera.com\/help\/tutorials\/security\/privacy\/\">Opera<\/a>. Dopo questa operazione, tuttavia, alcune funzioni delle pagine web potrebbero non essere eseguite correttamente.<\/p>\n<p><b>Dati Forniti Volontariamente dall\u2019utente<\/b><\/p>\n<p>L\u2019invio facoltativo, esplicito e volontario di posta elettronica agli indirizzi indicati su questo sito, o la compilazione del form, comporta la successiva acquisizione dell\u2019indirizzo del mittente, necessario per rispondere alle richieste, nonch\u00e9 degli eventuali altri dati personali inseriti nella missiva da parte del cliente.<\/p>\n<p><b>Conferimento dei Dati<\/b><\/p>\n<p>L\u2019utente \u00e8 libero di fornire i dati personali riportati nei moduli di richiesta o comunque indicati in apposite sezioni del sito internet per richiedere l\u2019invio di materiale informativo o di altre comunicazioni. Il loro mancato conferimento non comporta l\u2019impossibilit\u00e0 di ottenere quanto richiesto in forma anche anonima. I dati personali sono trattati con strumenti automatizzati per il tempo strettamente necessario a conseguire gli scopi per cui sono stati raccolti. Specifiche misure di sicurezza sono osservate per prevenire la perdita dei dati, usi illeciti o non corretti ed accessi non autorizzati al database.<\/p>\n<p><b>Modalit\u00e0 del Trattamento<\/b><\/p>\n<p>I Suoi dati personali saranno trattati con strumenti automatizzati per il tempo strettamente necessario a conseguire gli scopi per cui sono stati raccolti. Specifiche misure di sicurezza sono osservate per prevenire la perdita dei dati, usi illeciti o non corretti ed accessi non autorizzati. L\u2019utente ha sempre diritto, in qualunque momento, di ottenere la conferma dell\u2019esistenza o meno dei dati che si riferiscono alla sua persona e di conoscerne il contenuto e l\u2019origine, verificarne l\u2019esattezza o chiederne l\u2019integrazione o l\u2019aggiornamento, oppure la rettificazione per come previsto dal Regolamento (EU) 2016\/679 (GDPR). Ai sensi del Regolamento (artt. 15-22) Lei ha il diritto di chiedere la cancellazione, la trasformazione in forma anonima o il blocco dei dati trattati in violazione di legge, nonch\u00e9 di opporsi in ogni caso, per motivi legittimi, al loro trattamento. Questa informativa sulla privacy pu\u00f2 essere modificata periodicamente e l\u2019uso delle informazioni raccolte \u00e8 soggetto all\u2019informativa sulla privacy in effetto al momento dell\u2019uso. Il presente documento, pubblicato all\u2019indirizzo www.apartmentroma.eu costituisce l\u2019Informativa sulla Privacy di questo sito internet e sar\u00e0 soggetto ad aggiornamenti di volta in volta pubblicati e recanti la data di aggiornamento.<\/p>\t\t\t\t\t\t\t\t<\/div>\n\t\t\t\t<\/div>\n\t\t\t\t\t<\/div>\n\t\t<\/div>\n\t\t\t\t\t<\/div>\n\t\t<\/section>\n\t\t\t\t<\/div>","protected":false},"excerpt":{"rendered":"<p>The smartest way to live Merano our privacy policy La presente informativa \u00e8 stata redatta per far conoscere i principi in materia [&hellip;]<\/p>\n","protected":false},"author":1,"featured_media":0,"parent":0,"menu_order":0,"comment_status":"closed","ping_status":"open","template":"page-templates\/page_front-page.php","meta":{"footnotes":""},"class_list":["post-3","page","type-page","status-publish","hentry"],"_links":{"self":[{"href":"https:\/\/www.apartmentroma.eu\/de\/wp-json\/wp\/v2\/pages\/3","targetHints":{"allow":["GET"]}}],"collection":[{"href":"https:\/\/www.apartmentroma.eu\/de\/wp-json\/wp\/v2\/pages"}],"about":[{"href":"https:\/\/www.apartmentroma.eu\/de\/wp-json\/wp\/v2\/types\/page"}],"author":[{"embeddable":true,"href":"https:\/\/www.apartmentroma.eu\/de\/wp-json\/wp\/v2\/users\/1"}],"replies":[{"embeddable":true,"href":"https:\/\/www.apartmentroma.eu\/de\/wp-json\/wp\/v2\/comments?post=3"}],"version-history":[{"count":10,"href":"https:\/\/www.apartmentroma.eu\/de\/wp-json\/wp\/v2\/pages\/3\/revisions"}],"predecessor-version":[{"id":919,"href":"https:\/\/www.apartmentroma.eu\/de\/wp-json\/wp\/v2\/pages\/3\/revisions\/919"}],"wp:attachment":[{"href":"https:\/\/www.apartmentroma.eu\/de\/wp-json\/wp\/v2\/media?parent=3"}],"curies":[{"name":"wp","href":"https:\/\/api.w.org\/{rel}","templated":true}]}}